{"id":3880,"date":"2020-10-15T14:49:03","date_gmt":"2020-10-15T12:49:03","guid":{"rendered":"https:\/\/greenalf.it\/?page_id=3880"},"modified":"2020-10-19T16:14:52","modified_gmt":"2020-10-19T14:14:52","slug":"elementor-3880","status":"publish","type":"page","link":"https:\/\/greenalf.it\/?page_id=3880","title":{"rendered":"Richiesta Preventivo"},"content":{"rendered":"\t\t<div data-elementor-type=\"wp-page\" data-elementor-id=\"3880\" class=\"elementor elementor-3880\">\n\t\t\t\t\t\t<div class=\"elementor-inner\">\n\t\t\t\t<div class=\"elementor-section-wrap\">\n\t\t\t\t\t\t\t\t\t<section class=\"elementor-section elementor-top-section elementor-element elementor-element-6941116 elementor-section-boxed elementor-section-height-default elementor-section-height-default\" data-id=\"6941116\" data-element_type=\"section\">\n\t\t\t\t\t\t<div class=\"elementor-container elementor-column-gap-default\">\n\t\t\t\t\t\t\t<div class=\"elementor-row\">\n\t\t\t\t\t<div class=\"elementor-column elementor-col-100 elementor-top-column elementor-element elementor-element-2502440\" data-id=\"2502440\" data-element_type=\"column\">\n\t\t\t<div class=\"elementor-column-wrap elementor-element-populated\">\n\t\t\t\t\t\t\t<div class=\"elementor-widget-wrap\">\n\t\t\t\t\t\t<div class=\"elementor-element elementor-element-434fc02 elementor-widget elementor-widget-spacer\" data-id=\"434fc02\" data-element_type=\"widget\" data-widget_type=\"spacer.default\">\n\t\t\t\t<div class=\"elementor-widget-container\">\n\t\t\t\t\t<div class=\"elementor-spacer\">\n\t\t\t<div class=\"elementor-spacer-inner\"><\/div>\n\t\t<\/div>\n\t\t\t\t<\/div>\n\t\t\t\t<\/div>\n\t\t\t\t<div class=\"elementor-element elementor-element-46d1157 elementor-position-right elementor-vertical-align-top elementor-widget elementor-widget-image-box\" data-id=\"46d1157\" data-element_type=\"widget\" data-widget_type=\"image-box.default\">\n\t\t\t\t<div class=\"elementor-widget-container\">\n\t\t\t<div class=\"elementor-image-box-wrapper\"><div class=\"elementor-image-box-content\"><h3 class=\"elementor-image-box-title\">Richiesta Preventivo<\/h3><p class=\"elementor-image-box-description\">Richiedi un preventivo senza impegno<\/p><\/div><\/div>\t\t<\/div>\n\t\t\t\t<\/div>\n\t\t\t\t<div class=\"elementor-element elementor-element-94b7615 elementor-widget elementor-widget-spacer\" data-id=\"94b7615\" data-element_type=\"widget\" data-widget_type=\"spacer.default\">\n\t\t\t\t<div class=\"elementor-widget-container\">\n\t\t\t\t\t<div class=\"elementor-spacer\">\n\t\t\t<div class=\"elementor-spacer-inner\"><\/div>\n\t\t<\/div>\n\t\t\t\t<\/div>\n\t\t\t\t<\/div>\n\t\t\t\t<div class=\"elementor-element elementor-element-b51719f elementor-widget elementor-widget-wpforms\" data-id=\"b51719f\" data-element_type=\"widget\" data-widget_type=\"wpforms.default\">\n\t\t\t\t<div class=\"elementor-widget-container\">\n\t\t\t<div class=\"wpforms-container \" id=\"wpforms-3883\"><form id=\"wpforms-form-3883\" class=\"wpforms-validate wpforms-form\" data-formid=\"3883\" method=\"post\" enctype=\"multipart\/form-data\" action=\"\/index.php?rest_route=%2Fwp%2Fv2%2Fpages%2F3880\" data-token=\"e338d93045f618172d70744cd27ebeca\"><noscript class=\"wpforms-error-noscript\">Abilita JavaScript nel browser per completare questo modulo.<\/noscript><div class=\"wpforms-field-container\"><div id=\"wpforms-3883-field_0-container\" class=\"wpforms-field wpforms-field-name\" data-field-id=\"0\"><label class=\"wpforms-field-label\" for=\"wpforms-3883-field_0\">Ragione Sociale <span class=\"wpforms-required-label\">*<\/span><\/label><input type=\"text\" id=\"wpforms-3883-field_0\" class=\"wpforms-field-medium wpforms-field-required\" name=\"wpforms[fields][0]\" required><\/div><div id=\"wpforms-3883-field_1-container\" class=\"wpforms-field wpforms-field-email\" data-field-id=\"1\"><label class=\"wpforms-field-label\" for=\"wpforms-3883-field_1\">Email <span class=\"wpforms-required-label\">*<\/span><\/label><input type=\"email\" id=\"wpforms-3883-field_1\" class=\"wpforms-field-medium wpforms-field-required\" name=\"wpforms[fields][1]\" required><\/div><div id=\"wpforms-3883-field_3-container\" class=\"wpforms-field wpforms-field-text\" data-field-id=\"3\"><label class=\"wpforms-field-label\" for=\"wpforms-3883-field_3\">Telefono <span class=\"wpforms-required-label\">*<\/span><\/label><input type=\"text\" id=\"wpforms-3883-field_3\" class=\"wpforms-field-medium wpforms-field-required\" name=\"wpforms[fields][3]\" required><\/div><div id=\"wpforms-3883-field_4-container\" class=\"wpforms-field wpforms-field-text\" data-field-id=\"4\"><label class=\"wpforms-field-label\" for=\"wpforms-3883-field_4\">Citt\u00e0 <span class=\"wpforms-required-label\">*<\/span><\/label><input type=\"text\" id=\"wpforms-3883-field_4\" class=\"wpforms-field-medium wpforms-field-required\" name=\"wpforms[fields][4]\" required><\/div><div id=\"wpforms-3883-field_5-container\" class=\"wpforms-field wpforms-field-text\" data-field-id=\"5\"><label class=\"wpforms-field-label\" for=\"wpforms-3883-field_5\">Attivit\u00e0 del produttore <span class=\"wpforms-required-label\">*<\/span><\/label><input type=\"text\" id=\"wpforms-3883-field_5\" class=\"wpforms-field-medium wpforms-field-required\" name=\"wpforms[fields][5]\" required><\/div><div id=\"wpforms-3883-field_6-container\" class=\"wpforms-field wpforms-field-textarea\" data-field-id=\"6\"><label class=\"wpforms-field-label\" for=\"wpforms-3883-field_6\">Descrizione<\/label><textarea id=\"wpforms-3883-field_6\" class=\"wpforms-field-medium\" name=\"wpforms[fields][6]\" ><\/textarea><\/div><div id=\"wpforms-3883-field_7-container\" class=\"wpforms-field wpforms-field-text\" data-field-id=\"7\"><label class=\"wpforms-field-label\" for=\"wpforms-3883-field_7\">Codice Cer<\/label><input type=\"text\" id=\"wpforms-3883-field_7\" class=\"wpforms-field-medium\" name=\"wpforms[fields][7]\" ><\/div><div id=\"wpforms-3883-field_8-container\" class=\"wpforms-field wpforms-field-number\" data-field-id=\"8\"><label class=\"wpforms-field-label\" for=\"wpforms-3883-field_8\">Quantit\u00e0 presunta in Kg<\/label><input type=\"number\" pattern=\"\\d*\" id=\"wpforms-3883-field_8\" class=\"wpforms-field-medium\" name=\"wpforms[fields][8]\" ><\/div><div id=\"wpforms-3883-field_9-container\" class=\"wpforms-field wpforms-field-text\" data-field-id=\"9\"><label class=\"wpforms-field-label\" for=\"wpforms-3883-field_9\">Stato fisico<\/label><input type=\"text\" id=\"wpforms-3883-field_9\" class=\"wpforms-field-medium\" name=\"wpforms[fields][9]\" ><\/div><div id=\"wpforms-3883-field_10-container\" class=\"wpforms-field wpforms-field-text\" data-field-id=\"10\"><label class=\"wpforms-field-label\" for=\"wpforms-3883-field_10\">Mod Confezionamento<\/label><input type=\"text\" id=\"wpforms-3883-field_10\" class=\"wpforms-field-medium\" name=\"wpforms[fields][10]\" ><\/div><div id=\"wpforms-3883-field_11-container\" class=\"wpforms-field wpforms-field-checkbox\" data-field-id=\"11\"><ul id=\"wpforms-3883-field_11\" class=\"wpforms-field-required\"><li class=\"choice-1 depth-1\"><input type=\"checkbox\" id=\"wpforms-3883-field_11_1\" name=\"wpforms[fields][11][]\" value=\"Acconsento\" required ><label class=\"wpforms-field-label-inline\" for=\"wpforms-3883-field_11_1\">Acconsento<\/label><\/li><\/ul><div class=\"wpforms-field-description wpforms-disclaimer-description\">Acconsento al trattamento dei suddetti dati personali come indicato nell\u2019 informativa sulla privacy, al fine di poter usufruire del servizi<br \/>\r\n<br \/>\r\n<br \/>\r\n<br \/>\r\nInformativa Privacy form \"Contattaci\"<br \/>\r\nDOCUMENTO INFORMATIVO ARTICOLO 13 REG. UE 2016\/679- GDPR<br \/>\r\n<br \/>\r\nINFORMATIVA PER TRATTAMENTO DI DATI PERSONALI RACCOLTI PRESSO L\u2019INTERESSATO<br \/>\r\n<br \/>\r\n<br \/>\r\n<br \/>\r\nNel rispetto di quanto previsto dal Reg. UE 2016\/679 (Regolamento Europeo per la protezione dei dati personali) Le forniamo le dovute informazioni in ordine al trattamento dei dati personali forniti con l\u2019evasione della sua richiesta. L'informativa non \u00e8 da considerarsi valida per altri siti web eventualmente consultabili tramite links presenti sui siti internet a dominio del titolare, che non \u00e8 da considerarsi in alcun modo responsabile dei siti internet dei terzi.<br \/>\r\n<br \/>\r\nSi tratta di un'informativa che \u00e8 resa ai sensi dell'art. 13 del Reg. UE 2016\/679 (Regolamento Europeo per la protezione dei dati personali)<br \/>\r\n<br \/>\r\n<br \/>\r\n<br \/>\r\n1. SOGGETTI DEL TRATTAMENTO<br \/>\r\n<br \/>\r\nTitolare del trattamento, ai sensi degli artt. 4 e 24 del Reg. UE 2016\/679 GREEN ALF EUROPE SRL Via Santa Lucia, 36 \u2013 Napoli (NA<br \/>\r\n), nella persona dell\u2019Amministratore Delegato pro tempore.<br \/>\r\n<br \/>\r\n<br \/>\r\n<br \/>\r\n2.TIPOLOGIA DI DATI TRATTATI<br \/>\r\n<br \/>\r\nDato personale qualsiasi informazione riguardante un interessato, con particolare riferimento a un identificativo come il nome, un numero di identificazione, dati relativi all\u2019ubicazione, un identificativo online o a uno o pi\u00f9 elementi caratteristici della sua identit\u00e0 fisica, fisiologica, genetica, psichica, economica, culturale o sociale \u2013 cfr. art. 4, c. 1, n. 1 GDPR.<br \/>\r\n<br \/>\r\nLa informiamo, ai sensi del Regolamento UE 2016\/679, regolamento generale sulla protezione dei dati, che i dati personali da Lei forniti ovvero altrimenti acquisiti dalla medesima nel rispetto delle disposizioni legislative vigenti, potranno formare oggetto di trattamento, nel rispetto della normativa sopra richiamata e degli obblighi di riservatezza.<br \/>\r\n<br \/>\r\nResta inteso che Green Alf Europe srl potr\u00e0, qualora vengano da te forniti (qualora dovessi decidere di inserirli nel form di richiesta di contatto) e previa tua autorizzazione, trattare i tuoi dati<br \/>\r\n<br \/>\r\nPer trattamento di dati personali deve intendersi: \"qualunque operazione o insieme di operazioni, compiute con o senza l'ausilio di processi automatizzati e applicate a dati personali o insieme di dati personali, come la raccolta, la registrazione, l'organizzazione, la strutturazione, la conservazione, l\u2019adattamento o la modifica, l'estrazione, la consultazione, l\u2019uso, la comunicazione mediante trasmissione, diffusione o qualsiasi altra forma di messa a disposizione, il raffronto o l'interconnessione, la limitazione, la cancellazione o la distruzione\".<br \/>\r\n<br \/>\r\nPer interessato deve intendersi: \u201cpersona fisica indentificata o identificabile\u201d.<br \/>\r\n<br \/>\r\n<br \/>\r\n<br \/>\r\n3.FINALIT\u00c0 E BASE GIURIDICA DEL TRATTAMENTO<br \/>\r\n<br \/>\r\nI dati di natura personale forniti, saranno trattati nel rispetto delle condizioni di liceit\u00e0 ex art. 6) lett. f) Regolamento UE 2016\/679 per le seguenti finalit\u00e0:<br \/>\r\n<br \/>\r\nfornire riscontro alla richiesta di informazioni da Lei inviata.<br \/>\r\nIl trattamento dati si basa sull\u2019articolo 6, paragrafo 1, lettera f): (considerando 47), tenuto conto delle ragionevoli aspettative nutrite dall\u2019interessato al momento e nell\u2019ambito della raccolta dei dati personali, quando l\u2019interessato possa ragionevolmente attendersi che abbia luogo un trattamento a tal fine.<br \/>\r\n<br \/>\r\n<br \/>\r\n<br \/>\r\n4. DESTINATARI O CATEGORIE DI DESTINATARI DEI DATI<br \/>\r\n<br \/>\r\nI dati di natura personale forniti saranno comunicati a destinatari, che tratteranno i dati in qualit\u00e0 di responsabili (art. 28 del Reg. UE 2016\/679) e\/o in qualit\u00e0 di persone fisiche che agiscono sotto l\u2019autorit\u00e0 del Titolare e del Responsabile (art. 29 del Reg. UE 2016\/679), per le finalit\u00e0 sopra elencate al punto 3. Precisamente, i dati saranno comunicati a:<br \/>\r\n<br \/>\r\nsoggetti che forniscono servizi per la gestione del sistema informativo e delle reti di comunicazione (ivi compresa la posta elettronica e siti web);<br \/>\r\nautorit\u00e0 competenti per adempimenti di obblighi di legge e\/o di disposizioni di organi pubblici, su richiesta.<br \/>\r\nI soggetti appartenenti alle categorie suddette svolgono la funzione di Responsabile del trattamento dei dati, oppure operano in totale autonomia come distinti Titolari del trattamento. L\u2019elenco dei Responsabili del trattamento \u00e8 costantemente aggiornato e disponibile presso Green Alf Europa srl<br \/>\r\n<br \/>\r\n<br \/>\r\n<br \/>\r\n5. TRASFERIMENTO DEI DATI PERSONALI FUORI DALL\u2019AREA UE<br \/>\r\n<br \/>\r\nI dati personali non sono trattati fuori dalla Area UE (EEA).<br \/>\r\n<br \/>\r\n<br \/>\r\n<br \/>\r\n6. PERIODO DI CONSERVAZIONE O CRITERI<br \/>\r\n<br \/>\r\nQuando dobbiamo raccogliere i tuoi dati personali, ci assicuriamo che siano il pi\u00f9 precisi ed aggiornati possibile. Se i dati personali che raccogliamo non sono pi\u00f9 necessari per alcuna finalit\u00e0 e non siamo tenuti a conservarli per obbligo di legge, faremo tutto quanto possibile per cancellarli, distruggerli o anonimizzarli.<br \/>\r\n<br \/>\r\n<br \/>\r\n<br \/>\r\n7. NATURA DEL CONFERIMENTO E RIFIUTO<br \/>\r\n<br \/>\r\nIl conferimento dei dati per la finalit\u00e0 di cui al punto 3. \u00e8 necessario al fine del perseguimento del suo legittimo interesse ossia la legittima aspettativa di ricevere riscontro alla richiesta di informazioni inviata. Il mancato conferimento comporter\u00e0 l\u2019impossibilit\u00e0 di ricevere le informazioni desiderate.<br \/>\r\n<br \/>\r\n<br \/>\r\n<br \/>\r\n8. I TUOI DIRITTI<br \/>\r\n<br \/>\r\nQuando trattiamo i tuoi dati personali, diventi titolare di una serie di diritti che puoi esercitare in qualsiasi momento.<br \/>\r\n<br \/>\r\nTrovi l\u2019elenco dei tuoi diritti e come esercitarli nella Privacy Policy.<\/div><\/div><\/div><div class=\"wpforms-submit-container\"><input type=\"hidden\" name=\"wpforms[id]\" value=\"3883\"><input type=\"hidden\" name=\"wpforms[author]\" value=\"1\"><button type=\"submit\" name=\"wpforms[submit]\" id=\"wpforms-submit-3883\" class=\"wpforms-submit\" data-alt-text=\"Invio in corso...\" data-submit-text=\"Invia\" aria-live=\"assertive\" value=\"wpforms-submit\">Invia<\/button><\/div><\/form><\/div>  <!-- .wpforms-container -->\t\t<\/div>\n\t\t\t\t<\/div>\n\t\t\t\t\t\t<\/div>\n\t\t\t\t\t<\/div>\n\t\t<\/div>\n\t\t\t\t\t\t\t\t<\/div>\n\t\t\t\t\t<\/div>\n\t\t<\/section>\n\t\t\t\t\t\t\t\t\t<\/div>\n\t\t\t<\/div>\n\t\t\t\t\t<\/div>\n\t\t","protected":false},"excerpt":{"rendered":"<p>Richiesta Preventivo Richiedi un preventivo senza impegno<\/p>\n","protected":false},"author":1,"featured_media":0,"parent":0,"menu_order":0,"comment_status":"closed","ping_status":"closed","template":"","meta":[],"yoast_head":"<!-- This site is optimized with the Yoast SEO plugin v15.7 - https:\/\/yoast.com\/wordpress\/plugins\/seo\/ -->\n<title>Richiesta Preventivo - www.greenalf.it<\/title>\n<meta name=\"robots\" content=\"index, follow, max-snippet:-1, max-image-preview:large, max-video-preview:-1\" \/>\n<link rel=\"canonical\" href=\"https:\/\/greenalf.it\/?page_id=3880\" \/>\n<meta property=\"og:locale\" content=\"it_IT\" \/>\n<meta property=\"og:type\" content=\"article\" \/>\n<meta property=\"og:title\" content=\"Richiesta Preventivo - www.greenalf.it\" \/>\n<meta property=\"og:description\" content=\"Richiesta Preventivo Richiedi un preventivo senza impegno\" \/>\n<meta property=\"og:url\" content=\"https:\/\/greenalf.it\/?page_id=3880\" \/>\n<meta property=\"og:site_name\" content=\"www.greenalf.it\" \/>\n<meta property=\"article:modified_time\" content=\"2020-10-19T14:14:52+00:00\" \/>\n<meta name=\"twitter:card\" content=\"summary_large_image\" \/>\n<script type=\"application\/ld+json\" class=\"yoast-schema-graph\">{\"@context\":\"https:\/\/schema.org\",\"@graph\":[{\"@type\":\"WebSite\",\"@id\":\"https:\/\/greenalf.it\/#website\",\"url\":\"https:\/\/greenalf.it\/\",\"name\":\"www.greenalf.it\",\"description\":\"\",\"potentialAction\":[{\"@type\":\"SearchAction\",\"target\":\"https:\/\/greenalf.it\/?s={search_term_string}\",\"query-input\":\"required name=search_term_string\"}],\"inLanguage\":\"it-IT\"},{\"@type\":\"WebPage\",\"@id\":\"https:\/\/greenalf.it\/?page_id=3880#webpage\",\"url\":\"https:\/\/greenalf.it\/?page_id=3880\",\"name\":\"Richiesta Preventivo - www.greenalf.it\",\"isPartOf\":{\"@id\":\"https:\/\/greenalf.it\/#website\"},\"datePublished\":\"2020-10-15T12:49:03+00:00\",\"dateModified\":\"2020-10-19T14:14:52+00:00\",\"inLanguage\":\"it-IT\",\"potentialAction\":[{\"@type\":\"ReadAction\",\"target\":[\"https:\/\/greenalf.it\/?page_id=3880\"]}]}]}<\/script>\n<!-- \/ Yoast SEO plugin. -->","_links":{"self":[{"href":"https:\/\/greenalf.it\/index.php?rest_route=\/wp\/v2\/pages\/3880"}],"collection":[{"href":"https:\/\/greenalf.it\/index.php?rest_route=\/wp\/v2\/pages"}],"about":[{"href":"https:\/\/greenalf.it\/index.php?rest_route=\/wp\/v2\/types\/page"}],"author":[{"embeddable":true,"href":"https:\/\/greenalf.it\/index.php?rest_route=\/wp\/v2\/users\/1"}],"replies":[{"embeddable":true,"href":"https:\/\/greenalf.it\/index.php?rest_route=%2Fwp%2Fv2%2Fcomments&post=3880"}],"version-history":[{"count":20,"href":"https:\/\/greenalf.it\/index.php?rest_route=\/wp\/v2\/pages\/3880\/revisions"}],"predecessor-version":[{"id":4130,"href":"https:\/\/greenalf.it\/index.php?rest_route=\/wp\/v2\/pages\/3880\/revisions\/4130"}],"wp:attachment":[{"href":"https:\/\/greenalf.it\/index.php?rest_route=%2Fwp%2Fv2%2Fmedia&parent=3880"}],"curies":[{"name":"wp","href":"https:\/\/api.w.org\/{rel}","templated":true}]}}